{"id":2392,"date":"2024-04-15T11:58:32","date_gmt":"2024-04-15T16:58:32","guid":{"rendered":"https:\/\/whiteelmspa.ca\/shop\/?post_type=product&#038;p=2392"},"modified":"2024-04-18T11:37:56","modified_gmt":"2024-04-18T16:37:56","slug":"bar-soap-espresso-shot","status":"publish","type":"product","link":"https:\/\/whiteelmspa.ca\/shop\/product\/skincare\/soap\/bar-soap-espresso-shot\/","title":{"rendered":"Bar Soap &#8211; Espresso Shot"},"content":{"rendered":"","protected":false},"excerpt":{"rendered":"<p class=\"cvGsUA direction-ltr align-center para-style-body\"><span class=\"OYPEnA text-decoration-none text-strikethrough-none\">Ingredients: Coffea Arabica Seed Extract,<\/span> <span class=\"OYPEnA text-decoration-none text-strikethrough-none\">Sodium Olivate, Sodium Cocoate, Sodium Cocoa Butterate, Sodium Almondate, Coffea arabica seed powder<\/span><\/p>\n<p class=\"cvGsUA direction-ltr align-center para-style-body\"><span class=\"OYPEnA text-decoration-none text-strikethrough-none\">Ingr\u00e9dients : Extrait de graines de Coffea Arabica, Olivate de sodium, Cocoate de sodium, Beurre de cacao de sodium, Almondate de sodium, poudre de graines de Coffea arabica.<\/span><\/p>\n<p class=\"cvGsUA direction-ltr align-center para-style-body\"><span class=\"OYPEnA text-decoration-none text-strikethrough-none\">Lovingly Hand made in winnipeg, manitoba. Use in your shower or bath<\/span> <span class=\"OYPEnA text-decoration-none text-strikethrough-none\">and store out of the stream of water in a soap dish. Always moisturize your skin after use!<\/span><\/p>\n<p class=\"cvGsUA direction-ltr align-center para-style-body\"><span class=\"OYPEnA text-decoration-none text-strikethrough-none\">Fabriqu\u00e9 \u00e0 la main avec amour \u00e0 Winnipeg, au Manitoba. Utilisez-le dans votre douche ou votre bain et rangez-le hors du courant d&#8217;eau dans un porte-savon. Hydratez toujours votre peau apr\u00e8s utilisation !<\/span><\/p>\n","protected":false},"featured_media":2423,"comment_status":"closed","ping_status":"closed","template":"","meta":[],"product_cat":[28,33],"product_tag":[],"class_list":{"0":"post-2392","1":"product","2":"type-product","3":"status-publish","4":"has-post-thumbnail","6":"product_cat-skincare","7":"product_cat-soap","9":"first","10":"instock","11":"taxable","12":"shipping-taxable","13":"purchasable","14":"product-type-simple"},"yoast_head":"<!-- This site is optimized with the Yoast SEO plugin v23.9 - https:\/\/yoast.com\/wordpress\/plugins\/seo\/ -->\n<title>Bar Soap - Espresso Shot - Shop White Elm Spa<\/title>\n<meta name=\"robots\" content=\"index, follow, max-snippet:-1, max-image-preview:large, max-video-preview:-1\" \/>\n<link rel=\"canonical\" href=\"https:\/\/whiteelmspa.ca\/shop\/product\/skincare\/soap\/bar-soap-espresso-shot\/\" \/>\n<meta property=\"og:locale\" content=\"en_US\" \/>\n<meta property=\"og:type\" content=\"article\" \/>\n<meta property=\"og:title\" content=\"Bar Soap - Espresso Shot - Shop White Elm Spa\" \/>\n<meta property=\"og:description\" content=\"Ingredients: Coffea Arabica Seed Extract, Sodium Olivate, Sodium Cocoate, Sodium Cocoa Butterate, Sodium Almondate, Coffea arabica seed powder Ingr\u00e9dients : Extrait de graines de Coffea Arabica, Olivate de sodium, Cocoate de sodium, Beurre de cacao de sodium, Almondate de sodium, poudre de graines de Coffea arabica. Lovingly Hand made in winnipeg, manitoba. Use in your shower or bath and store out of the stream of water in a soap dish. Always moisturize your skin after use! Fabriqu\u00e9 \u00e0 la main avec amour \u00e0 Winnipeg, au Manitoba. Utilisez-le dans votre douche ou votre bain et rangez-le hors du courant d&#039;eau dans un porte-savon. Hydratez toujours votre peau apr\u00e8s utilisation !\" \/>\n<meta property=\"og:url\" content=\"https:\/\/whiteelmspa.ca\/shop\/product\/skincare\/soap\/bar-soap-espresso-shot\/\" \/>\n<meta property=\"og:site_name\" content=\"Shop White Elm Spa\" \/>\n<meta property=\"article:publisher\" content=\"https:\/\/www.facebook.com\/whiteelmspa\" \/>\n<meta property=\"article:modified_time\" content=\"2024-04-18T16:37:56+00:00\" \/>\n<meta property=\"og:image\" content=\"https:\/\/whiteelmspa.ca\/shop\/wp-content\/uploads\/2024\/04\/20240418_103847.jpg\" \/>\n\t<meta property=\"og:image:width\" content=\"1508\" \/>\n\t<meta property=\"og:image:height\" content=\"1508\" \/>\n\t<meta property=\"og:image:type\" content=\"image\/jpeg\" \/>\n<meta name=\"twitter:card\" content=\"summary_large_image\" \/>\n<meta name=\"twitter:label1\" content=\"Est. reading time\" \/>\n\t<meta name=\"twitter:data1\" content=\"1 minute\" \/>\n<script type=\"application\/ld+json\" class=\"yoast-schema-graph\">{\"@context\":\"https:\/\/schema.org\",\"@graph\":[{\"@type\":\"WebPage\",\"@id\":\"https:\/\/whiteelmspa.ca\/shop\/product\/skincare\/soap\/bar-soap-espresso-shot\/\",\"url\":\"https:\/\/whiteelmspa.ca\/shop\/product\/skincare\/soap\/bar-soap-espresso-shot\/\",\"name\":\"Bar Soap - Espresso Shot - Shop White Elm Spa\",\"isPartOf\":{\"@id\":\"https:\/\/whiteelmspa.ca\/shop\/#website\"},\"primaryImageOfPage\":{\"@id\":\"https:\/\/whiteelmspa.ca\/shop\/product\/skincare\/soap\/bar-soap-espresso-shot\/#primaryimage\"},\"image\":{\"@id\":\"https:\/\/whiteelmspa.ca\/shop\/product\/skincare\/soap\/bar-soap-espresso-shot\/#primaryimage\"},\"thumbnailUrl\":\"https:\/\/whiteelmspa.ca\/shop\/wp-content\/uploads\/2024\/04\/20240418_103847.jpg\",\"datePublished\":\"2024-04-15T16:58:32+00:00\",\"dateModified\":\"2024-04-18T16:37:56+00:00\",\"breadcrumb\":{\"@id\":\"https:\/\/whiteelmspa.ca\/shop\/product\/skincare\/soap\/bar-soap-espresso-shot\/#breadcrumb\"},\"inLanguage\":\"en-CA\",\"potentialAction\":[{\"@type\":\"ReadAction\",\"target\":[\"https:\/\/whiteelmspa.ca\/shop\/product\/skincare\/soap\/bar-soap-espresso-shot\/\"]}]},{\"@type\":\"ImageObject\",\"inLanguage\":\"en-CA\",\"@id\":\"https:\/\/whiteelmspa.ca\/shop\/product\/skincare\/soap\/bar-soap-espresso-shot\/#primaryimage\",\"url\":\"https:\/\/whiteelmspa.ca\/shop\/wp-content\/uploads\/2024\/04\/20240418_103847.jpg\",\"contentUrl\":\"https:\/\/whiteelmspa.ca\/shop\/wp-content\/uploads\/2024\/04\/20240418_103847.jpg\",\"width\":1508,\"height\":1508},{\"@type\":\"BreadcrumbList\",\"@id\":\"https:\/\/whiteelmspa.ca\/shop\/product\/skincare\/soap\/bar-soap-espresso-shot\/#breadcrumb\",\"itemListElement\":[{\"@type\":\"ListItem\",\"position\":1,\"name\":\"Home\",\"item\":\"https:\/\/whiteelmspa.ca\/shop\/\"},{\"@type\":\"ListItem\",\"position\":2,\"name\":\"Catalogue\",\"item\":\"https:\/\/whiteelmspa.ca\/shop\/catalogue\/\"},{\"@type\":\"ListItem\",\"position\":3,\"name\":\"Bar Soap &#8211; Espresso Shot\"}]},{\"@type\":\"WebSite\",\"@id\":\"https:\/\/whiteelmspa.ca\/shop\/#website\",\"url\":\"https:\/\/whiteelmspa.ca\/shop\/\",\"name\":\"Shop White Elm Spa\",\"description\":\"\",\"publisher\":{\"@id\":\"https:\/\/whiteelmspa.ca\/shop\/#organization\"},\"potentialAction\":[{\"@type\":\"SearchAction\",\"target\":{\"@type\":\"EntryPoint\",\"urlTemplate\":\"https:\/\/whiteelmspa.ca\/shop\/?s={search_term_string}\"},\"query-input\":{\"@type\":\"PropertyValueSpecification\",\"valueRequired\":true,\"valueName\":\"search_term_string\"}}],\"inLanguage\":\"en-CA\"},{\"@type\":\"Organization\",\"@id\":\"https:\/\/whiteelmspa.ca\/shop\/#organization\",\"name\":\"White Elm Spa\",\"url\":\"https:\/\/whiteelmspa.ca\/shop\/\",\"logo\":{\"@type\":\"ImageObject\",\"inLanguage\":\"en-CA\",\"@id\":\"https:\/\/whiteelmspa.ca\/shop\/#\/schema\/logo\/image\/\",\"url\":\"https:\/\/whiteelmspa.ca\/shop\/wp-content\/uploads\/2022\/08\/logo-white-elm-horz.png\",\"contentUrl\":\"https:\/\/whiteelmspa.ca\/shop\/wp-content\/uploads\/2022\/08\/logo-white-elm-horz.png\",\"width\":501,\"height\":124,\"caption\":\"White Elm Spa\"},\"image\":{\"@id\":\"https:\/\/whiteelmspa.ca\/shop\/#\/schema\/logo\/image\/\"},\"sameAs\":[\"https:\/\/www.facebook.com\/whiteelmspa\",\"https:\/\/www.instagram.com\/whiteelmspa\/\"]}]}<\/script>\n<!-- \/ Yoast SEO plugin. -->","yoast_head_json":{"title":"Bar Soap - Espresso Shot - Shop White Elm Spa","robots":{"index":"index","follow":"follow","max-snippet":"max-snippet:-1","max-image-preview":"max-image-preview:large","max-video-preview":"max-video-preview:-1"},"canonical":"https:\/\/whiteelmspa.ca\/shop\/product\/skincare\/soap\/bar-soap-espresso-shot\/","og_locale":"en_US","og_type":"article","og_title":"Bar Soap - Espresso Shot - Shop White Elm Spa","og_description":"Ingredients: Coffea Arabica Seed Extract, Sodium Olivate, Sodium Cocoate, Sodium Cocoa Butterate, Sodium Almondate, Coffea arabica seed powder Ingr\u00e9dients : Extrait de graines de Coffea Arabica, Olivate de sodium, Cocoate de sodium, Beurre de cacao de sodium, Almondate de sodium, poudre de graines de Coffea arabica. Lovingly Hand made in winnipeg, manitoba. Use in your shower or bath and store out of the stream of water in a soap dish. Always moisturize your skin after use! Fabriqu\u00e9 \u00e0 la main avec amour \u00e0 Winnipeg, au Manitoba. Utilisez-le dans votre douche ou votre bain et rangez-le hors du courant d'eau dans un porte-savon. Hydratez toujours votre peau apr\u00e8s utilisation !","og_url":"https:\/\/whiteelmspa.ca\/shop\/product\/skincare\/soap\/bar-soap-espresso-shot\/","og_site_name":"Shop White Elm Spa","article_publisher":"https:\/\/www.facebook.com\/whiteelmspa","article_modified_time":"2024-04-18T16:37:56+00:00","og_image":[{"width":1508,"height":1508,"url":"https:\/\/whiteelmspa.ca\/shop\/wp-content\/uploads\/2024\/04\/20240418_103847.jpg","type":"image\/jpeg"}],"twitter_card":"summary_large_image","twitter_misc":{"Est. reading time":"1 minute"},"schema":{"@context":"https:\/\/schema.org","@graph":[{"@type":"WebPage","@id":"https:\/\/whiteelmspa.ca\/shop\/product\/skincare\/soap\/bar-soap-espresso-shot\/","url":"https:\/\/whiteelmspa.ca\/shop\/product\/skincare\/soap\/bar-soap-espresso-shot\/","name":"Bar Soap - Espresso Shot - Shop White Elm Spa","isPartOf":{"@id":"https:\/\/whiteelmspa.ca\/shop\/#website"},"primaryImageOfPage":{"@id":"https:\/\/whiteelmspa.ca\/shop\/product\/skincare\/soap\/bar-soap-espresso-shot\/#primaryimage"},"image":{"@id":"https:\/\/whiteelmspa.ca\/shop\/product\/skincare\/soap\/bar-soap-espresso-shot\/#primaryimage"},"thumbnailUrl":"https:\/\/whiteelmspa.ca\/shop\/wp-content\/uploads\/2024\/04\/20240418_103847.jpg","datePublished":"2024-04-15T16:58:32+00:00","dateModified":"2024-04-18T16:37:56+00:00","breadcrumb":{"@id":"https:\/\/whiteelmspa.ca\/shop\/product\/skincare\/soap\/bar-soap-espresso-shot\/#breadcrumb"},"inLanguage":"en-CA","potentialAction":[{"@type":"ReadAction","target":["https:\/\/whiteelmspa.ca\/shop\/product\/skincare\/soap\/bar-soap-espresso-shot\/"]}]},{"@type":"ImageObject","inLanguage":"en-CA","@id":"https:\/\/whiteelmspa.ca\/shop\/product\/skincare\/soap\/bar-soap-espresso-shot\/#primaryimage","url":"https:\/\/whiteelmspa.ca\/shop\/wp-content\/uploads\/2024\/04\/20240418_103847.jpg","contentUrl":"https:\/\/whiteelmspa.ca\/shop\/wp-content\/uploads\/2024\/04\/20240418_103847.jpg","width":1508,"height":1508},{"@type":"BreadcrumbList","@id":"https:\/\/whiteelmspa.ca\/shop\/product\/skincare\/soap\/bar-soap-espresso-shot\/#breadcrumb","itemListElement":[{"@type":"ListItem","position":1,"name":"Home","item":"https:\/\/whiteelmspa.ca\/shop\/"},{"@type":"ListItem","position":2,"name":"Catalogue","item":"https:\/\/whiteelmspa.ca\/shop\/catalogue\/"},{"@type":"ListItem","position":3,"name":"Bar Soap &#8211; Espresso Shot"}]},{"@type":"WebSite","@id":"https:\/\/whiteelmspa.ca\/shop\/#website","url":"https:\/\/whiteelmspa.ca\/shop\/","name":"Shop White Elm Spa","description":"","publisher":{"@id":"https:\/\/whiteelmspa.ca\/shop\/#organization"},"potentialAction":[{"@type":"SearchAction","target":{"@type":"EntryPoint","urlTemplate":"https:\/\/whiteelmspa.ca\/shop\/?s={search_term_string}"},"query-input":{"@type":"PropertyValueSpecification","valueRequired":true,"valueName":"search_term_string"}}],"inLanguage":"en-CA"},{"@type":"Organization","@id":"https:\/\/whiteelmspa.ca\/shop\/#organization","name":"White Elm Spa","url":"https:\/\/whiteelmspa.ca\/shop\/","logo":{"@type":"ImageObject","inLanguage":"en-CA","@id":"https:\/\/whiteelmspa.ca\/shop\/#\/schema\/logo\/image\/","url":"https:\/\/whiteelmspa.ca\/shop\/wp-content\/uploads\/2022\/08\/logo-white-elm-horz.png","contentUrl":"https:\/\/whiteelmspa.ca\/shop\/wp-content\/uploads\/2022\/08\/logo-white-elm-horz.png","width":501,"height":124,"caption":"White Elm Spa"},"image":{"@id":"https:\/\/whiteelmspa.ca\/shop\/#\/schema\/logo\/image\/"},"sameAs":["https:\/\/www.facebook.com\/whiteelmspa","https:\/\/www.instagram.com\/whiteelmspa\/"]}]}},"_links":{"self":[{"href":"https:\/\/whiteelmspa.ca\/shop\/wp-json\/wp\/v2\/product\/2392","targetHints":{"allow":["GET"]}}],"collection":[{"href":"https:\/\/whiteelmspa.ca\/shop\/wp-json\/wp\/v2\/product"}],"about":[{"href":"https:\/\/whiteelmspa.ca\/shop\/wp-json\/wp\/v2\/types\/product"}],"replies":[{"embeddable":true,"href":"https:\/\/whiteelmspa.ca\/shop\/wp-json\/wp\/v2\/comments?post=2392"}],"wp:featuredmedia":[{"embeddable":true,"href":"https:\/\/whiteelmspa.ca\/shop\/wp-json\/wp\/v2\/media\/2423"}],"wp:attachment":[{"href":"https:\/\/whiteelmspa.ca\/shop\/wp-json\/wp\/v2\/media?parent=2392"}],"wp:term":[{"taxonomy":"product_cat","embeddable":true,"href":"https:\/\/whiteelmspa.ca\/shop\/wp-json\/wp\/v2\/product_cat?post=2392"},{"taxonomy":"product_tag","embeddable":true,"href":"https:\/\/whiteelmspa.ca\/shop\/wp-json\/wp\/v2\/product_tag?post=2392"}],"curies":[{"name":"wp","href":"https:\/\/api.w.org\/{rel}","templated":true}]}}